{"id":77,"date":"2024-01-18T11:54:11","date_gmt":"2024-01-18T11:54:11","guid":{"rendered":"https:\/\/ilusionestenerife.es\/privacy-policy\/"},"modified":"2025-03-06T08:42:23","modified_gmt":"2025-03-06T08:42:23","slug":"privacy-policy","status":"publish","type":"page","link":"https:\/\/ilusionestenerife.es\/en\/privacy-policy\/","title":{"rendered":"Privacy Policy"},"content":{"rendered":"<section class=\"tabs-block\">\r\n  <div class=\"container\">\r\n    <div class=\"tabs-block__wrap\">\r\n      <div class=\"tabs-block__row\">        \r\n                  <a class=\"tabs-block__link-home active\" href=\"https:\/\/ilusionestenerife.es\/en\/\" target=\"_self\"><span>Santa Cruz de Tenerife<\/span><\/a>\r\n                          <a class=\"tabs-block__link\" href=\"https:\/\/ilusionestenerife.es\/en\/costa-adje\/\" target=\"_self\"><span>Costa Adeje<\/span><\/a>\r\n              <\/div>\r\n    <\/div>\r\n  <\/div>\r\n<\/section><p>Tu privacidad es importante para nosotros, por lo que Museo de las ilusiones Tenerife S.L.U., una empresa con sede en Espa\u00f1a, ha creado la siguiente Pol\u00edtica de Privacidad (&#8220;Pol\u00edtica&#8221;) para informarte sobre la informaci\u00f3n que recopilamos cuando visitas nuestro sitio<a href=\"https:\/\/museumofillusions.it\/\"> <\/a>ilusionestenerife.es (&#8220;Sitio&#8221;), por qu\u00e9 la recopilamos y c\u00f3mo la utilizamos.<\/p><p>The terms &#8220;You&#8221;, &#8220;Your&#8221;, &#8220;Yours&#8221; and &#8220;User&#8221; refer to the entity\/person\/organization using our Site.<\/p><p>Cuando esta Pol\u00edtica menciona &#8220;Nosotros&#8221;, &#8220;Nos&#8221; y &#8220;Nuestro&#8221;, se refiere al Museo de las ilusiones Tenerife, S.L.U. y sus subsidiarias y afiliadas. Esta Pol\u00edtica de Privacidad est\u00e1 regida por nuestros T\u00e9rminos de Servicio.<\/p><p>Para cualquier pregunta relacionada con esta Pol\u00edtica o cualquier solicitud relacionada con el procesamiento de datos personales, puedes ponerte en contacto con nosotros a trav\u00e9s del siguiente correo electr\u00f3nico:&nbsp; <a href=\"mailto:museo@ilusionestenerife.es\">museo@ilusionestenerife.es<\/a>.<\/p><p>INFORMATION WE COLLECT FROM YOU<\/p><p>We collect the information you provide to us and this information is necessary for the proper performance of the contractual agreement that exists between you and us and allows us to comply with our legal obligations.<\/p><ul class=\"wp-block-list\"><li>Informaci\u00f3n de registro de cuenta: Cuando creas una cuenta, te pedimos que proporciones informaci\u00f3n para el registro (como correo electr\u00f3nico, nombre y apellido).<\/li><\/ul><p>2. HOW WE USE YOUR INFORMATION<\/p><p>Procesamos tu informaci\u00f3n siguiendo los principios generales de procesamiento de datos. Podemos usar la informaci\u00f3n que recopilamos a trav\u00e9s de nuestro Sitio por varias razones como, por ejemplo:<\/p><p>para enviar informaci\u00f3n de facturaci\u00f3n,<\/p><p>para gestionar los pedidos del usuario,<\/p><p>para ponernos en contacto con el usuario, o<\/p><p>para garantizar la seguridad de los datos y prevenir el fraude.<\/p><p>We will normally collect personal information from you only where we have your consent to do so, where we need the personal information to perform a contract with you, or where the processing is in our legitimate business interests.<\/p><p>3. COOKIES<\/p><p>We do not use cookies or other tracking technologies.<\/p><p>4. INFORMATION FOR MINORS<\/p><p>This site and our services are not intended for or directed to persons under the age of 18. We do not knowingly collect or solicit information from minors. We do not knowingly permit minors to use our Site or Services. We will delete any information that we discover has been collected from a minor. Please contact us using the contact details below if you think we might have information on a minor.<\/p><p>5. SENSITIVE INFORMATION<\/p><p>We do not collect sensitive information, such as political opinions, religious or philosophical beliefs, racial or ethnic origin, genetic data, biometric data, health data or data related to sexual orientation. Please do not send, upload or provide us with any sensitive data and contact us using the contact details below if you think we might have such information. We have the right to remove any information that we believe may contain sensitive data.<\/p><p>6. RETENTION<\/p><p>Retenemos tu informaci\u00f3n personal para brindarte servicios y, adem\u00e1s, cumplir con nuestras obligaciones legales, resolver disputas y hacer valer nuestros acuerdos. Mantendremos tu informaci\u00f3n personal todo el tiempo que sea necesario para brindarte servicios, a menos que se nos exija legalmente o por regulaciones mantener tu informaci\u00f3n personal durante m\u00e1s tiempo.<\/p><p>7. SECURITY<\/p><p>Hemos implementado medidas de seguridad dise\u00f1adas para proteger la informaci\u00f3n personal que compartes con nosotros, incluidas medidas f\u00edsicas, electr\u00f3nicas y procedimentales. Entre otras cosas, monitoreamos regularmente nuestros sistemas en busca de posibles vulnerabilidades y ataques. Independientemente de las medidas y esfuerzos tomados por nosotros, la transmisi\u00f3n de informaci\u00f3n a trav\u00e9s de Internet, correo electr\u00f3nico o mensaje de texto no es completamente segura. No garantizamos la protecci\u00f3n y seguridad absolutas de tu informaci\u00f3n personal. Por lo tanto, te animamos a que evites proporcionarnos informaci\u00f3n sensible cuya divulgaci\u00f3n consideres que pueda causarte da\u00f1o sustancial o irreparable (ni a nosotros ni a cualquier otra persona). Si tienes alguna pregunta sobre la seguridad de nuestro Sitio o Servicios, no dudes en ponerte en contacto con nosotros a trav\u00e9s del siguiente correo electr\u00f3nico: <a href=\"mailto:museo@ilusionestenerife.es\">museo@ilusionestenerife.es<\/a><\/p><p>8. YOUR RIGHTS<\/p><p>You have rights regarding the protection of your personal information. These rights are:<\/p><p>Derecho de acceso a la informaci\u00f3n que tenemos sobre ti: Si deseas acceder a la informaci\u00f3n personal que recopilamos, puedes hacerlo en cualquier momento poni\u00e9ndote en contacto con nosotros utilizando los detalles de contacto proporcionados a continuaci\u00f3n.<\/p><p>Derecho a rectificar informaci\u00f3n inexacta sobre ti: Puedes corregir, actualizar o solicitar la eliminaci\u00f3n de tu informaci\u00f3n personal poni\u00e9ndote en contacto con nosotros utilizando los detalles de contacto proporcionados a continuaci\u00f3n.<\/p><p>Derecho a oponerte al procesamiento: Cuando confiamos en tu consentimiento para procesar tu informaci\u00f3n personal, puedes retirar el consentimiento en cualquier momento poni\u00e9ndote en contacto con nosotros utilizando los detalles de contacto proporcionados a continuaci\u00f3n. Esto no afectar\u00e1 a la legalidad del procesamiento antes de la retirada de tu consentimiento.<\/p><p>Derecho a presentar una queja: Puedes plantear preguntas o quejas ante la Agencia Nacional de Protecci\u00f3n de Datos de tu pa\u00eds de residencia en caso de que se hayan infringido tus derechos. Sin embargo, recomendamos intentar llegar a una resoluci\u00f3n pac\u00edfica ante cualquier disputa poni\u00e9ndote en contacto con nosotros primero.<\/p><p>Derecho a borrar cualquier dato sobre ti: Puedes solicitar la eliminaci\u00f3n de datos sin demora indebida por razones leg\u00edtimas. Por ejemplo, cuando los datos ya no sean necesarios para los fines para los que se recopilaron o cuando los datos se hayan procesado de manera il\u00edcita.<\/p><p>9. POLICY IMPLEMENTATION<\/p><p>This Policy was created with the help of TermsHub.io and the Privacy Policy Generator and applies only to the services offered by our Company. Our Policy does not apply to services offered by other companies or individuals, including products or sites that may be shown to you in search results, sites that may include our services or other sites linked from our Site or Services.<\/p><p>10. MODIFICATIONS<\/p><p>Our Policy may change from time to time. We will post any changes to the Policy on our Site and, if the changes are significant, we will consider providing more explicit notice (including, for certain services, e-mail notification of changes to the Policy).<\/p><p>11. ACCEPTANCE OF THIS POLICY<\/p><p>We assume that all Users of this Site have carefully read this document and agree with its contents. If you do not agree with this Policy, you should refrain from using our Site. We reserve the right to change our Policy at any time and inform you by the method indicated in Section 10. Your continued use of this Site constitutes acceptance of the revised Policy.<\/p><p>12. ADDITIONAL INFORMATION<\/p><p>If you have any further questions about the data we collect or how we use it, please feel free to contact us using the details provided above.<\/p><p><\/p>","protected":false},"excerpt":{"rendered":"<p>Tu privacidad es importante para nosotros, por lo que Museo de las ilusiones Tenerife S.L.U., una empresa con sede en Espa\u00f1a, ha creado la siguiente Pol\u00edtica de Privacidad (&#8220;Pol\u00edtica&#8221;) para informarte sobre la informaci\u00f3n que recopilamos cuando visitas nuestro sitio ilusionestenerife.es (&#8220;Sitio&#8221;), por qu\u00e9 la recopilamos y c\u00f3mo la utilizamos. The terms &#8220;You&#8221;, &#8220;Your&#8221;, &#8220;Yours&#8221; [&hellip;]<\/p>\n","protected":false},"author":1,"featured_media":0,"parent":0,"menu_order":3,"comment_status":"closed","ping_status":"closed","template":"","meta":{"_themeisle_gutenberg_block_has_review":false,"iawp_total_views":168,"footnotes":""},"class_list":["post-77","page","type-page","status-publish","hentry"],"acf":[],"_links":{"self":[{"href":"https:\/\/ilusionestenerife.es\/en\/wp-json\/wp\/v2\/pages\/77","targetHints":{"allow":["GET"]}}],"collection":[{"href":"https:\/\/ilusionestenerife.es\/en\/wp-json\/wp\/v2\/pages"}],"about":[{"href":"https:\/\/ilusionestenerife.es\/en\/wp-json\/wp\/v2\/types\/page"}],"author":[{"embeddable":true,"href":"https:\/\/ilusionestenerife.es\/en\/wp-json\/wp\/v2\/users\/1"}],"replies":[{"embeddable":true,"href":"https:\/\/ilusionestenerife.es\/en\/wp-json\/wp\/v2\/comments?post=77"}],"version-history":[{"count":6,"href":"https:\/\/ilusionestenerife.es\/en\/wp-json\/wp\/v2\/pages\/77\/revisions"}],"predecessor-version":[{"id":9570,"href":"https:\/\/ilusionestenerife.es\/en\/wp-json\/wp\/v2\/pages\/77\/revisions\/9570"}],"wp:attachment":[{"href":"https:\/\/ilusionestenerife.es\/en\/wp-json\/wp\/v2\/media?parent=77"}],"curies":[{"name":"wp","href":"https:\/\/api.w.org\/{rel}","templated":true}]}}